{"id":177,"date":"2026-04-15T14:20:47","date_gmt":"2026-04-15T14:20:47","guid":{"rendered":"https:\/\/nlarsen.santcugatesn.com\/?post_type=product&#038;p=177"},"modified":"2026-04-15T14:20:47","modified_gmt":"2026-04-15T14:20:47","slug":"lulo-big","status":"publish","type":"product","link":"https:\/\/nlarsen.santcugatesn.com\/index.php\/product\/lulo-big\/","title":{"rendered":"LULO BIG"},"content":{"rendered":"<p><span style=\"font-weight: 400;\">Lulo Big est\u00e1 dise\u00f1ado para quienes necesitan llevar m\u00e1s cosas en su d\u00eda a d\u00eda, pero sin caer en el desorden. Gracias a sus compartimentos interiores, puedes organizar todo de forma clara: desde el m\u00f3vil y la cartera hasta maquillaje, llaves u otros objetos personales.<\/span><\/p>\n<p><span style=\"font-weight: 400;\">Su mayor tama\u00f1o no significa caos, sino todo lo contrario. Cada elemento tiene su espacio, lo que te permite encontrarlo todo en segundos. Adem\u00e1s, el bolso es totalmente personalizable, adapt\u00e1ndose a tu estilo de vida y a lo que realmente necesitas llevar.<\/span><\/p>\n<p><span style=\"font-weight: 400;\">Es ideal para jornadas largas, trabajo, viajes o cualquier situaci\u00f3n en la que necesites m\u00e1s capacidad sin perder organizaci\u00f3n.<\/span><\/p>\n<p><br style=\"font-weight: 400;\" \/><br style=\"font-weight: 400;\" \/><\/p>\n","protected":false},"excerpt":{"rendered":"<p><span style=\"font-weight: 400;\">Bolso amplio, organizado y funcional. M\u00e1s espacio, m\u00e1s orden y todo bajo control.<\/span><\/p>\n","protected":false},"featured_media":178,"comment_status":"open","ping_status":"closed","template":"","meta":{"_joinchat":[]},"product_brand":[],"product_cat":[15],"product_tag":[],"class_list":{"0":"post-177","1":"product","2":"type-product","3":"status-publish","4":"has-post-thumbnail","6":"product_cat-uncategorized","8":"first","9":"instock","10":"shipping-taxable","11":"purchasable","12":"product-type-simple"},"yoast_head":"<!-- This site is optimized with the Yoast SEO plugin v27.4 - https:\/\/yoast.com\/product\/yoast-seo-wordpress\/ -->\n<title>LULO BIG -<\/title>\n<meta name=\"robots\" content=\"index, follow, max-snippet:-1, max-image-preview:large, max-video-preview:-1\" \/>\n<link rel=\"canonical\" href=\"https:\/\/nlarsen.santcugatesn.com\/index.php\/product\/lulo-big\/\" \/>\n<meta property=\"og:locale\" content=\"es_ES\" \/>\n<meta property=\"og:type\" content=\"article\" \/>\n<meta property=\"og:title\" content=\"LULO BIG -\" \/>\n<meta property=\"og:description\" content=\"Bolso amplio, organizado y funcional. M\u00e1s espacio, m\u00e1s orden y todo bajo control.\" \/>\n<meta property=\"og:url\" content=\"https:\/\/nlarsen.santcugatesn.com\/index.php\/product\/lulo-big\/\" \/>\n<meta property=\"og:image\" content=\"https:\/\/nlarsen.santcugatesn.com\/wp-content\/uploads\/2026\/04\/Gemini_Generated_Image_xvzeqoxvzeqoxvze-1.png\" \/>\n\t<meta property=\"og:image:width\" content=\"1264\" \/>\n\t<meta property=\"og:image:height\" content=\"848\" \/>\n\t<meta property=\"og:image:type\" content=\"image\/png\" \/>\n<meta name=\"twitter:card\" content=\"summary_large_image\" \/>\n<meta name=\"twitter:label1\" content=\"Tiempo de lectura\" \/>\n\t<meta name=\"twitter:data1\" content=\"1 minuto\" \/>\n<script type=\"application\/ld+json\" class=\"yoast-schema-graph\">{\"@context\":\"https:\\\/\\\/schema.org\",\"@graph\":[{\"@type\":\"WebPage\",\"@id\":\"https:\\\/\\\/nlarsen.santcugatesn.com\\\/index.php\\\/product\\\/lulo-big\\\/\",\"url\":\"https:\\\/\\\/nlarsen.santcugatesn.com\\\/index.php\\\/product\\\/lulo-big\\\/\",\"name\":\"LULO BIG -\",\"isPartOf\":{\"@id\":\"https:\\\/\\\/nlarsen.santcugatesn.com\\\/#website\"},\"primaryImageOfPage\":{\"@id\":\"https:\\\/\\\/nlarsen.santcugatesn.com\\\/index.php\\\/product\\\/lulo-big\\\/#primaryimage\"},\"image\":{\"@id\":\"https:\\\/\\\/nlarsen.santcugatesn.com\\\/index.php\\\/product\\\/lulo-big\\\/#primaryimage\"},\"thumbnailUrl\":\"https:\\\/\\\/nlarsen.santcugatesn.com\\\/wp-content\\\/uploads\\\/2026\\\/04\\\/Gemini_Generated_Image_xvzeqoxvzeqoxvze-1.png\",\"datePublished\":\"2026-04-15T14:20:47+00:00\",\"breadcrumb\":{\"@id\":\"https:\\\/\\\/nlarsen.santcugatesn.com\\\/index.php\\\/product\\\/lulo-big\\\/#breadcrumb\"},\"inLanguage\":\"es\",\"potentialAction\":[{\"@type\":\"ReadAction\",\"target\":[\"https:\\\/\\\/nlarsen.santcugatesn.com\\\/index.php\\\/product\\\/lulo-big\\\/\"]}]},{\"@type\":\"ImageObject\",\"inLanguage\":\"es\",\"@id\":\"https:\\\/\\\/nlarsen.santcugatesn.com\\\/index.php\\\/product\\\/lulo-big\\\/#primaryimage\",\"url\":\"https:\\\/\\\/nlarsen.santcugatesn.com\\\/wp-content\\\/uploads\\\/2026\\\/04\\\/Gemini_Generated_Image_xvzeqoxvzeqoxvze-1.png\",\"contentUrl\":\"https:\\\/\\\/nlarsen.santcugatesn.com\\\/wp-content\\\/uploads\\\/2026\\\/04\\\/Gemini_Generated_Image_xvzeqoxvzeqoxvze-1.png\",\"width\":1264,\"height\":848},{\"@type\":\"BreadcrumbList\",\"@id\":\"https:\\\/\\\/nlarsen.santcugatesn.com\\\/index.php\\\/product\\\/lulo-big\\\/#breadcrumb\",\"itemListElement\":[{\"@type\":\"ListItem\",\"position\":1,\"name\":\"Home\",\"item\":\"https:\\\/\\\/nlarsen.santcugatesn.com\\\/\"},{\"@type\":\"ListItem\",\"position\":2,\"name\":\"Shop\",\"item\":\"https:\\\/\\\/nlarsen.santcugatesn.com\\\/index.php\\\/shop\\\/\"},{\"@type\":\"ListItem\",\"position\":3,\"name\":\"LULO BIG\"}]},{\"@type\":\"WebSite\",\"@id\":\"https:\\\/\\\/nlarsen.santcugatesn.com\\\/#website\",\"url\":\"https:\\\/\\\/nlarsen.santcugatesn.com\\\/\",\"name\":\"\",\"description\":\"\",\"potentialAction\":[{\"@type\":\"SearchAction\",\"target\":{\"@type\":\"EntryPoint\",\"urlTemplate\":\"https:\\\/\\\/nlarsen.santcugatesn.com\\\/?s={search_term_string}\"},\"query-input\":{\"@type\":\"PropertyValueSpecification\",\"valueRequired\":true,\"valueName\":\"search_term_string\"}}],\"inLanguage\":\"es\"}]}<\/script>\n<!-- \/ Yoast SEO plugin. -->","yoast_head_json":{"title":"LULO BIG -","robots":{"index":"index","follow":"follow","max-snippet":"max-snippet:-1","max-image-preview":"max-image-preview:large","max-video-preview":"max-video-preview:-1"},"canonical":"https:\/\/nlarsen.santcugatesn.com\/index.php\/product\/lulo-big\/","og_locale":"es_ES","og_type":"article","og_title":"LULO BIG -","og_description":"Bolso amplio, organizado y funcional. M\u00e1s espacio, m\u00e1s orden y todo bajo control.","og_url":"https:\/\/nlarsen.santcugatesn.com\/index.php\/product\/lulo-big\/","og_image":[{"width":1264,"height":848,"url":"https:\/\/nlarsen.santcugatesn.com\/wp-content\/uploads\/2026\/04\/Gemini_Generated_Image_xvzeqoxvzeqoxvze-1.png","type":"image\/png"}],"twitter_card":"summary_large_image","twitter_misc":{"Tiempo de lectura":"1 minuto"},"schema":{"@context":"https:\/\/schema.org","@graph":[{"@type":"WebPage","@id":"https:\/\/nlarsen.santcugatesn.com\/index.php\/product\/lulo-big\/","url":"https:\/\/nlarsen.santcugatesn.com\/index.php\/product\/lulo-big\/","name":"LULO BIG -","isPartOf":{"@id":"https:\/\/nlarsen.santcugatesn.com\/#website"},"primaryImageOfPage":{"@id":"https:\/\/nlarsen.santcugatesn.com\/index.php\/product\/lulo-big\/#primaryimage"},"image":{"@id":"https:\/\/nlarsen.santcugatesn.com\/index.php\/product\/lulo-big\/#primaryimage"},"thumbnailUrl":"https:\/\/nlarsen.santcugatesn.com\/wp-content\/uploads\/2026\/04\/Gemini_Generated_Image_xvzeqoxvzeqoxvze-1.png","datePublished":"2026-04-15T14:20:47+00:00","breadcrumb":{"@id":"https:\/\/nlarsen.santcugatesn.com\/index.php\/product\/lulo-big\/#breadcrumb"},"inLanguage":"es","potentialAction":[{"@type":"ReadAction","target":["https:\/\/nlarsen.santcugatesn.com\/index.php\/product\/lulo-big\/"]}]},{"@type":"ImageObject","inLanguage":"es","@id":"https:\/\/nlarsen.santcugatesn.com\/index.php\/product\/lulo-big\/#primaryimage","url":"https:\/\/nlarsen.santcugatesn.com\/wp-content\/uploads\/2026\/04\/Gemini_Generated_Image_xvzeqoxvzeqoxvze-1.png","contentUrl":"https:\/\/nlarsen.santcugatesn.com\/wp-content\/uploads\/2026\/04\/Gemini_Generated_Image_xvzeqoxvzeqoxvze-1.png","width":1264,"height":848},{"@type":"BreadcrumbList","@id":"https:\/\/nlarsen.santcugatesn.com\/index.php\/product\/lulo-big\/#breadcrumb","itemListElement":[{"@type":"ListItem","position":1,"name":"Home","item":"https:\/\/nlarsen.santcugatesn.com\/"},{"@type":"ListItem","position":2,"name":"Shop","item":"https:\/\/nlarsen.santcugatesn.com\/index.php\/shop\/"},{"@type":"ListItem","position":3,"name":"LULO BIG"}]},{"@type":"WebSite","@id":"https:\/\/nlarsen.santcugatesn.com\/#website","url":"https:\/\/nlarsen.santcugatesn.com\/","name":"","description":"","potentialAction":[{"@type":"SearchAction","target":{"@type":"EntryPoint","urlTemplate":"https:\/\/nlarsen.santcugatesn.com\/?s={search_term_string}"},"query-input":{"@type":"PropertyValueSpecification","valueRequired":true,"valueName":"search_term_string"}}],"inLanguage":"es"}]}},"_links":{"self":[{"href":"https:\/\/nlarsen.santcugatesn.com\/index.php\/wp-json\/wp\/v2\/product\/177","targetHints":{"allow":["GET"]}}],"collection":[{"href":"https:\/\/nlarsen.santcugatesn.com\/index.php\/wp-json\/wp\/v2\/product"}],"about":[{"href":"https:\/\/nlarsen.santcugatesn.com\/index.php\/wp-json\/wp\/v2\/types\/product"}],"replies":[{"embeddable":true,"href":"https:\/\/nlarsen.santcugatesn.com\/index.php\/wp-json\/wp\/v2\/comments?post=177"}],"wp:featuredmedia":[{"embeddable":true,"href":"https:\/\/nlarsen.santcugatesn.com\/index.php\/wp-json\/wp\/v2\/media\/178"}],"wp:attachment":[{"href":"https:\/\/nlarsen.santcugatesn.com\/index.php\/wp-json\/wp\/v2\/media?parent=177"}],"wp:term":[{"taxonomy":"product_brand","embeddable":true,"href":"https:\/\/nlarsen.santcugatesn.com\/index.php\/wp-json\/wp\/v2\/product_brand?post=177"},{"taxonomy":"product_cat","embeddable":true,"href":"https:\/\/nlarsen.santcugatesn.com\/index.php\/wp-json\/wp\/v2\/product_cat?post=177"},{"taxonomy":"product_tag","embeddable":true,"href":"https:\/\/nlarsen.santcugatesn.com\/index.php\/wp-json\/wp\/v2\/product_tag?post=177"}],"curies":[{"name":"wp","href":"https:\/\/api.w.org\/{rel}","templated":true}]}}