{"id":118,"date":"2026-04-09T16:46:16","date_gmt":"2026-04-09T16:46:16","guid":{"rendered":"https:\/\/nlarsen.santcugatesn.com\/?post_type=product&#038;p=118"},"modified":"2026-04-18T17:55:07","modified_gmt":"2026-04-18T17:55:07","slug":"lulo-small","status":"publish","type":"product","link":"https:\/\/nlarsen.santcugatesn.com\/index.php\/product\/lulo-small\/","title":{"rendered":"LULO SMALL"},"content":{"rendered":"<p data-start=\"257\" data-end=\"553\">Lulo Little est\u00e1 pensado para esos d\u00edas en los que necesitas llevar lo imprescindible, pero sin renunciar al orden. A pesar de su tama\u00f1o compacto, cuenta con compartimentos inteligentes que te permiten organizar maquillaje, llaves, tarjetas y peque\u00f1os objetos personales de forma r\u00e1pida y c\u00f3moda.<\/p>\n<p data-start=\"555\" data-end=\"767\">Su gran valor est\u00e1 en la personalizaci\u00f3n. Puedes adaptar el interior seg\u00fan tu rutina y tus necesidades, consiguiendo que todo tenga su lugar. De esta forma, dejas de perder tiempo buscando cosas dentro del bolso.<\/p>\n<p data-start=\"769\" data-end=\"892\">Es un bolso ligero, funcional y f\u00e1cil de combinar, perfecto para personas activas que buscan practicidad sin perder estilo.<\/p>\n","protected":false},"excerpt":{"rendered":"<p>Bolso compacto, pr\u00e1ctico y organizado. Dise\u00f1ado para tu d\u00eda a d\u00eda, con todo lo esencial siempre en su sitio.<\/p>\n","protected":false},"featured_media":210,"comment_status":"open","ping_status":"closed","template":"","meta":{"_joinchat":[]},"product_brand":[],"product_cat":[15],"product_tag":[],"class_list":{"0":"post-118","1":"product","2":"type-product","3":"status-publish","4":"has-post-thumbnail","6":"product_cat-uncategorized","8":"first","9":"instock","10":"shipping-taxable","11":"purchasable","12":"product-type-simple"},"yoast_head":"<!-- This site is optimized with the Yoast SEO plugin v27.4 - https:\/\/yoast.com\/product\/yoast-seo-wordpress\/ -->\n<title>LULO SMALL -<\/title>\n<meta name=\"robots\" content=\"index, follow, max-snippet:-1, max-image-preview:large, max-video-preview:-1\" \/>\n<link rel=\"canonical\" href=\"https:\/\/nlarsen.santcugatesn.com\/index.php\/product\/lulo-small\/\" \/>\n<meta property=\"og:locale\" content=\"es_ES\" \/>\n<meta property=\"og:type\" content=\"article\" \/>\n<meta property=\"og:title\" content=\"LULO SMALL -\" \/>\n<meta property=\"og:description\" content=\"Bolso compacto, pr\u00e1ctico y organizado. Dise\u00f1ado para tu d\u00eda a d\u00eda, con todo lo esencial siempre en su sitio.\" \/>\n<meta property=\"og:url\" content=\"https:\/\/nlarsen.santcugatesn.com\/index.php\/product\/lulo-small\/\" \/>\n<meta property=\"article:modified_time\" content=\"2026-04-18T17:55:07+00:00\" \/>\n<meta property=\"og:image\" content=\"https:\/\/nlarsen.santcugatesn.com\/wp-content\/uploads\/2026\/04\/lulo-bueno-peque.png\" \/>\n\t<meta property=\"og:image:width\" content=\"1080\" \/>\n\t<meta property=\"og:image:height\" content=\"1350\" \/>\n\t<meta property=\"og:image:type\" content=\"image\/png\" \/>\n<meta name=\"twitter:card\" content=\"summary_large_image\" \/>\n<meta name=\"twitter:label1\" content=\"Tiempo de lectura\" \/>\n\t<meta name=\"twitter:data1\" content=\"1 minuto\" \/>\n<script type=\"application\/ld+json\" class=\"yoast-schema-graph\">{\"@context\":\"https:\\\/\\\/schema.org\",\"@graph\":[{\"@type\":\"WebPage\",\"@id\":\"https:\\\/\\\/nlarsen.santcugatesn.com\\\/index.php\\\/product\\\/lulo-small\\\/\",\"url\":\"https:\\\/\\\/nlarsen.santcugatesn.com\\\/index.php\\\/product\\\/lulo-small\\\/\",\"name\":\"LULO SMALL -\",\"isPartOf\":{\"@id\":\"https:\\\/\\\/nlarsen.santcugatesn.com\\\/#website\"},\"primaryImageOfPage\":{\"@id\":\"https:\\\/\\\/nlarsen.santcugatesn.com\\\/index.php\\\/product\\\/lulo-small\\\/#primaryimage\"},\"image\":{\"@id\":\"https:\\\/\\\/nlarsen.santcugatesn.com\\\/index.php\\\/product\\\/lulo-small\\\/#primaryimage\"},\"thumbnailUrl\":\"https:\\\/\\\/nlarsen.santcugatesn.com\\\/wp-content\\\/uploads\\\/2026\\\/04\\\/lulo-bueno-peque.png\",\"datePublished\":\"2026-04-09T16:46:16+00:00\",\"dateModified\":\"2026-04-18T17:55:07+00:00\",\"breadcrumb\":{\"@id\":\"https:\\\/\\\/nlarsen.santcugatesn.com\\\/index.php\\\/product\\\/lulo-small\\\/#breadcrumb\"},\"inLanguage\":\"es\",\"potentialAction\":[{\"@type\":\"ReadAction\",\"target\":[\"https:\\\/\\\/nlarsen.santcugatesn.com\\\/index.php\\\/product\\\/lulo-small\\\/\"]}]},{\"@type\":\"ImageObject\",\"inLanguage\":\"es\",\"@id\":\"https:\\\/\\\/nlarsen.santcugatesn.com\\\/index.php\\\/product\\\/lulo-small\\\/#primaryimage\",\"url\":\"https:\\\/\\\/nlarsen.santcugatesn.com\\\/wp-content\\\/uploads\\\/2026\\\/04\\\/lulo-bueno-peque.png\",\"contentUrl\":\"https:\\\/\\\/nlarsen.santcugatesn.com\\\/wp-content\\\/uploads\\\/2026\\\/04\\\/lulo-bueno-peque.png\",\"width\":1080,\"height\":1350},{\"@type\":\"BreadcrumbList\",\"@id\":\"https:\\\/\\\/nlarsen.santcugatesn.com\\\/index.php\\\/product\\\/lulo-small\\\/#breadcrumb\",\"itemListElement\":[{\"@type\":\"ListItem\",\"position\":1,\"name\":\"Home\",\"item\":\"https:\\\/\\\/nlarsen.santcugatesn.com\\\/\"},{\"@type\":\"ListItem\",\"position\":2,\"name\":\"Shop\",\"item\":\"https:\\\/\\\/nlarsen.santcugatesn.com\\\/index.php\\\/shop\\\/\"},{\"@type\":\"ListItem\",\"position\":3,\"name\":\"LULO SMALL\"}]},{\"@type\":\"WebSite\",\"@id\":\"https:\\\/\\\/nlarsen.santcugatesn.com\\\/#website\",\"url\":\"https:\\\/\\\/nlarsen.santcugatesn.com\\\/\",\"name\":\"\",\"description\":\"\",\"potentialAction\":[{\"@type\":\"SearchAction\",\"target\":{\"@type\":\"EntryPoint\",\"urlTemplate\":\"https:\\\/\\\/nlarsen.santcugatesn.com\\\/?s={search_term_string}\"},\"query-input\":{\"@type\":\"PropertyValueSpecification\",\"valueRequired\":true,\"valueName\":\"search_term_string\"}}],\"inLanguage\":\"es\"}]}<\/script>\n<!-- \/ Yoast SEO plugin. -->","yoast_head_json":{"title":"LULO SMALL -","robots":{"index":"index","follow":"follow","max-snippet":"max-snippet:-1","max-image-preview":"max-image-preview:large","max-video-preview":"max-video-preview:-1"},"canonical":"https:\/\/nlarsen.santcugatesn.com\/index.php\/product\/lulo-small\/","og_locale":"es_ES","og_type":"article","og_title":"LULO SMALL -","og_description":"Bolso compacto, pr\u00e1ctico y organizado. Dise\u00f1ado para tu d\u00eda a d\u00eda, con todo lo esencial siempre en su sitio.","og_url":"https:\/\/nlarsen.santcugatesn.com\/index.php\/product\/lulo-small\/","article_modified_time":"2026-04-18T17:55:07+00:00","og_image":[{"width":1080,"height":1350,"url":"https:\/\/nlarsen.santcugatesn.com\/wp-content\/uploads\/2026\/04\/lulo-bueno-peque.png","type":"image\/png"}],"twitter_card":"summary_large_image","twitter_misc":{"Tiempo de lectura":"1 minuto"},"schema":{"@context":"https:\/\/schema.org","@graph":[{"@type":"WebPage","@id":"https:\/\/nlarsen.santcugatesn.com\/index.php\/product\/lulo-small\/","url":"https:\/\/nlarsen.santcugatesn.com\/index.php\/product\/lulo-small\/","name":"LULO SMALL -","isPartOf":{"@id":"https:\/\/nlarsen.santcugatesn.com\/#website"},"primaryImageOfPage":{"@id":"https:\/\/nlarsen.santcugatesn.com\/index.php\/product\/lulo-small\/#primaryimage"},"image":{"@id":"https:\/\/nlarsen.santcugatesn.com\/index.php\/product\/lulo-small\/#primaryimage"},"thumbnailUrl":"https:\/\/nlarsen.santcugatesn.com\/wp-content\/uploads\/2026\/04\/lulo-bueno-peque.png","datePublished":"2026-04-09T16:46:16+00:00","dateModified":"2026-04-18T17:55:07+00:00","breadcrumb":{"@id":"https:\/\/nlarsen.santcugatesn.com\/index.php\/product\/lulo-small\/#breadcrumb"},"inLanguage":"es","potentialAction":[{"@type":"ReadAction","target":["https:\/\/nlarsen.santcugatesn.com\/index.php\/product\/lulo-small\/"]}]},{"@type":"ImageObject","inLanguage":"es","@id":"https:\/\/nlarsen.santcugatesn.com\/index.php\/product\/lulo-small\/#primaryimage","url":"https:\/\/nlarsen.santcugatesn.com\/wp-content\/uploads\/2026\/04\/lulo-bueno-peque.png","contentUrl":"https:\/\/nlarsen.santcugatesn.com\/wp-content\/uploads\/2026\/04\/lulo-bueno-peque.png","width":1080,"height":1350},{"@type":"BreadcrumbList","@id":"https:\/\/nlarsen.santcugatesn.com\/index.php\/product\/lulo-small\/#breadcrumb","itemListElement":[{"@type":"ListItem","position":1,"name":"Home","item":"https:\/\/nlarsen.santcugatesn.com\/"},{"@type":"ListItem","position":2,"name":"Shop","item":"https:\/\/nlarsen.santcugatesn.com\/index.php\/shop\/"},{"@type":"ListItem","position":3,"name":"LULO SMALL"}]},{"@type":"WebSite","@id":"https:\/\/nlarsen.santcugatesn.com\/#website","url":"https:\/\/nlarsen.santcugatesn.com\/","name":"","description":"","potentialAction":[{"@type":"SearchAction","target":{"@type":"EntryPoint","urlTemplate":"https:\/\/nlarsen.santcugatesn.com\/?s={search_term_string}"},"query-input":{"@type":"PropertyValueSpecification","valueRequired":true,"valueName":"search_term_string"}}],"inLanguage":"es"}]}},"_links":{"self":[{"href":"https:\/\/nlarsen.santcugatesn.com\/index.php\/wp-json\/wp\/v2\/product\/118","targetHints":{"allow":["GET"]}}],"collection":[{"href":"https:\/\/nlarsen.santcugatesn.com\/index.php\/wp-json\/wp\/v2\/product"}],"about":[{"href":"https:\/\/nlarsen.santcugatesn.com\/index.php\/wp-json\/wp\/v2\/types\/product"}],"replies":[{"embeddable":true,"href":"https:\/\/nlarsen.santcugatesn.com\/index.php\/wp-json\/wp\/v2\/comments?post=118"}],"wp:featuredmedia":[{"embeddable":true,"href":"https:\/\/nlarsen.santcugatesn.com\/index.php\/wp-json\/wp\/v2\/media\/210"}],"wp:attachment":[{"href":"https:\/\/nlarsen.santcugatesn.com\/index.php\/wp-json\/wp\/v2\/media?parent=118"}],"wp:term":[{"taxonomy":"product_brand","embeddable":true,"href":"https:\/\/nlarsen.santcugatesn.com\/index.php\/wp-json\/wp\/v2\/product_brand?post=118"},{"taxonomy":"product_cat","embeddable":true,"href":"https:\/\/nlarsen.santcugatesn.com\/index.php\/wp-json\/wp\/v2\/product_cat?post=118"},{"taxonomy":"product_tag","embeddable":true,"href":"https:\/\/nlarsen.santcugatesn.com\/index.php\/wp-json\/wp\/v2\/product_tag?post=118"}],"curies":[{"name":"wp","href":"https:\/\/api.w.org\/{rel}","templated":true}]}}